{"id":35421,"date":"2020-10-05T08:37:36","date_gmt":"2020-10-05T06:37:36","guid":{"rendered":"https:\/\/cistaova.ostrava.cz\/?page_id=35421"},"modified":"2020-10-05T08:41:00","modified_gmt":"2020-10-05T06:41:00","slug":"prohlaseni-o-pristupnosti","status":"publish","type":"page","link":"https:\/\/cistaova.ostrava.cz\/?page_id=35421","title":{"rendered":"Prohl\u00e1\u0161en\u00ed o p\u0159\u00edstupnosti"},"content":{"rendered":"<p>Statut\u00e1rn\u00ed m\u011bsto Ostrava se zavazuje k zp\u0159\u00edstupn\u011bn\u00ed sv\u00e9 webov\u00e9 str\u00e1nky v souladu se z\u00e1konem \u010d. 99\/2019 Sb., o p\u0159\u00edstupnosti internetov\u00fdch str\u00e1nek a mobiln\u00edch aplikac\u00ed a o zm\u011bn\u011b z\u00e1kona \u010d. 365\/2000 Sb., o informa\u010dn\u00edch syst\u00e9mech ve\u0159ejn\u00e9 spr\u00e1vy a o zm\u011bn\u011b n\u011bkter\u00fdch dal\u0161\u00edch z\u00e1kon\u016f, ve zn\u011bn\u00ed pozd\u011bj\u0161\u00edch p\u0159edpis\u016f, kter\u00fd prov\u00e1d\u00ed Sm\u011brnici Evropsk\u00e9ho parlamentu a Rady (EU) 2016\/2102 ze dne 26. \u0159\u00edjna 2016 o p\u0159\u00edstupnosti webov\u00fdch str\u00e1nek a mobiln\u00edch aplikac\u00ed.<\/p>\n<p><strong>Stav souladu<\/strong><\/p>\n<p>Tato webov\u00e1 str\u00e1nka je v souladu s EN 301 549 V2 1.2 a standardem WCAG 2.1.<\/p>\n<p><strong>Dal\u0161\u00ed form\u00e1ty<\/strong><\/p>\n<p>Na internetov\u00fdch str\u00e1nk\u00e1ch jsou informace nab\u00edzeny i v podob\u011b dokument\u016f form\u00e1tu DOC, DOCX, XLS, XLSX a PDF, a to zejm\u00e9na z d\u016fvod\u016f, \u017ee obsahuj\u00ed typografick\u00e9 prvky a form\u00e1tov\u00e1n\u00ed, kter\u00e9 webov\u00fd form\u00e1t HTML nepodporuje, nebo jsou p\u0159\u00edli\u0161 velk\u00e9, proto pak doporu\u010dujeme jejich sta\u017een\u00ed. Form\u00e1ty DOC a PDF jsou tak\u00e9 vhodn\u011bj\u0161\u00ed pro tisk. K prohl\u00ed\u017een\u00ed t\u011bchto dokument\u016f je mo\u017en\u00e9 zdarma st\u00e1hnout Word Viewer a Acrobat Reader. V n\u011bkter\u00fdch webov\u00fdch prohl\u00ed\u017ee\u010d\u00edch je integrov\u00e1na aplikace, je\u017e slou\u017e\u00ed k prohl\u00ed\u017een\u00ed v\u00fd\u0161e uveden\u00fdch form\u00e1t\u016f dokument\u016f.<\/p>\n<p><strong>Vypracov\u00e1n\u00ed tohoto prohl\u00e1\u0161en\u00ed o p\u0159\u00edstupnosti<\/strong><\/p>\n<ul>\n<li>Toto prohl\u00e1\u0161en\u00ed bylo aktualizov\u00e1no dne 20.9.2020<\/li>\n<li>Toto prohl\u00e1\u0161en\u00ed bylo vypracov\u00e1no dle metodick\u00e9ho pokynu MV\u010cR k tomuto z\u00e1konu.<\/li>\n<\/ul>\n<p><strong>Zp\u011btn\u00e1 vazba a kontaktn\u00ed \u00fadaje<\/strong><\/p>\n<p>Zp\u011btnou vazbu ohledn\u011b p\u0159\u00edstupnosti webov\u00fdch str\u00e1nek a informac\u00ed na nich uveden\u00fdch sm\u011brujte na n\u00ed\u017ee uveden\u00e9 kontakty.<\/p>\n<p><strong>Kontakt na spr\u00e1vce obsahu<\/strong><\/p>\n<p>Magistr\u00e1t m\u011bsta Ostravy<br \/>\nProke\u0161ovo n\u00e1m\u011bst\u00ed 1803\/8<br \/>\n702 00 Ostrava Moravsk\u00e1 Ostrava<\/p>\n<p>Tel.: 599 444\u00a0444<\/p>\n<p>E-mail: <a href=\"mailto:info@ostrava.cz\">info@ostrava.cz<\/a><\/p>\n<p>Pro technick\u00e9 z\u00e1le\u017eitosti: <a href=\"mailto:webmaster@ostrava.cz\">webmaster@ostrava.cz<\/a><\/p>\n<p>&nbsp;<\/p>\n<p><strong>Postupy pro prosazov\u00e1n\u00ed pr\u00e1va<\/strong><\/p>\n<p>V p\u0159\u00edpad\u011b neuspokojiv\u00e9 odpov\u011bdi na ozn\u00e1men\u00ed nebo \u017e\u00e1dost zaslanou v souladu se sm\u011brnic\u00ed Evropsk\u00e9ho parlamentu a Rady (EU) 2016\/2102 kontaktujte:<\/p>\n<p><strong>Ministerstvo vnitra<\/strong><br \/>\nodbor eGovernmentu<br \/>\nn\u00e1m\u011bst\u00ed Hrdin\u016f 1634\/3<br \/>\n140 21 Praha 4<br \/>\n<a href=\"mailto:pristupnost@mvcr.cz\">pristupnost@mvcr.cz<\/a><\/p>\n","protected":false},"excerpt":{"rendered":"<p>Statut\u00e1rn\u00ed m\u011bsto Ostrava se zavazuje k zp\u0159\u00edstupn\u011bn\u00ed sv\u00e9 webov\u00e9 str\u00e1nky v souladu se z\u00e1konem \u010d. 99\/2019 Sb., o p\u0159\u00edstupnosti internetov\u00fdch str\u00e1nek a mobiln\u00edch aplikac\u00ed a o zm\u011bn\u011b z\u00e1kona \u010d. 365\/2000 Sb., o informa\u010dn\u00edch syst\u00e9mech ve\u0159ejn\u00e9 spr\u00e1vy a o zm\u011bn\u011b n\u011bkter\u00fdch dal\u0161\u00edch z\u00e1kon\u016f, ve zn\u011bn\u00ed pozd\u011bj\u0161\u00edch p\u0159edpis\u016f, kter\u00fd prov\u00e1d\u00ed Sm\u011brnici Evropsk\u00e9ho parlamentu a Rady (EU) 2016\/2102 [&hellip;]<\/p>\n","protected":false},"author":171,"featured_media":0,"parent":0,"menu_order":0,"comment_status":"closed","ping_status":"closed","template":"","meta":{"_acf_changed":false,"footnotes":""},"class_list":["post-35421","page","type-page","status-publish","hentry"],"acf":[],"yoast_head":"<!-- This site is optimized with the Yoast SEO plugin v26.3 - https:\/\/yoast.com\/wordpress\/plugins\/seo\/ -->\n<title>Prohl\u00e1\u0161en\u00ed o p\u0159\u00edstupnosti - cistaova<\/title>\n<meta name=\"robots\" content=\"index, follow, max-snippet:-1, max-image-preview:large, max-video-preview:-1\" \/>\n<link rel=\"canonical\" href=\"https:\/\/cistaova.ostrava.cz\/?page_id=35421\" \/>\n<meta property=\"og:locale\" content=\"cs_CZ\" \/>\n<meta property=\"og:type\" content=\"article\" \/>\n<meta property=\"og:title\" content=\"Prohl\u00e1\u0161en\u00ed o p\u0159\u00edstupnosti - cistaova\" \/>\n<meta property=\"og:description\" content=\"Statut\u00e1rn\u00ed m\u011bsto Ostrava se zavazuje k zp\u0159\u00edstupn\u011bn\u00ed sv\u00e9 webov\u00e9 str\u00e1nky v souladu se z\u00e1konem \u010d. 99\/2019 Sb., o p\u0159\u00edstupnosti internetov\u00fdch str\u00e1nek a mobiln\u00edch aplikac\u00ed a o zm\u011bn\u011b z\u00e1kona \u010d. 365\/2000 Sb., o informa\u010dn\u00edch syst\u00e9mech ve\u0159ejn\u00e9 spr\u00e1vy a o zm\u011bn\u011b n\u011bkter\u00fdch dal\u0161\u00edch z\u00e1kon\u016f, ve zn\u011bn\u00ed pozd\u011bj\u0161\u00edch p\u0159edpis\u016f, kter\u00fd prov\u00e1d\u00ed Sm\u011brnici Evropsk\u00e9ho parlamentu a Rady (EU) 2016\/2102 [&hellip;]\" \/>\n<meta property=\"og:url\" content=\"https:\/\/cistaova.ostrava.cz\/?page_id=35421\" \/>\n<meta property=\"og:site_name\" content=\"cistaova\" \/>\n<meta property=\"article:modified_time\" content=\"2020-10-05T06:41:00+00:00\" \/>\n<meta name=\"twitter:card\" content=\"summary_large_image\" \/>\n<meta name=\"twitter:label1\" content=\"Odhadovan\u00e1 doba \u010dten\u00ed\" \/>\n\t<meta name=\"twitter:data1\" content=\"2 minuty\" \/>\n<script type=\"application\/ld+json\" class=\"yoast-schema-graph\">{\"@context\":\"https:\/\/schema.org\",\"@graph\":[{\"@type\":\"WebPage\",\"@id\":\"https:\/\/cistaova.ostrava.cz\/?page_id=35421\",\"url\":\"https:\/\/cistaova.ostrava.cz\/?page_id=35421\",\"name\":\"Prohl\u00e1\u0161en\u00ed o p\u0159\u00edstupnosti - cistaova\",\"isPartOf\":{\"@id\":\"https:\/\/cistaova.ostrava.cz\/#website\"},\"datePublished\":\"2020-10-05T06:37:36+00:00\",\"dateModified\":\"2020-10-05T06:41:00+00:00\",\"breadcrumb\":{\"@id\":\"https:\/\/cistaova.ostrava.cz\/?page_id=35421#breadcrumb\"},\"inLanguage\":\"cs\",\"potentialAction\":[{\"@type\":\"ReadAction\",\"target\":[\"https:\/\/cistaova.ostrava.cz\/?page_id=35421\"]}]},{\"@type\":\"BreadcrumbList\",\"@id\":\"https:\/\/cistaova.ostrava.cz\/?page_id=35421#breadcrumb\",\"itemListElement\":[{\"@type\":\"ListItem\",\"position\":1,\"name\":\"Dom\u016f\",\"item\":\"https:\/\/cistaova.ostrava.cz\/\"},{\"@type\":\"ListItem\",\"position\":2,\"name\":\"Prohl\u00e1\u0161en\u00ed o p\u0159\u00edstupnosti\"}]},{\"@type\":\"WebSite\",\"@id\":\"https:\/\/cistaova.ostrava.cz\/#website\",\"url\":\"https:\/\/cistaova.ostrava.cz\/\",\"name\":\"\u010cist\u00e1OVA\",\"description\":\"Aplikace pro hl\u00e1\u0161en\u00ed z\u00e1vad a nedostatk\u016f ve ve\u0159ejn\u00e9m prostoru\",\"publisher\":{\"@id\":\"https:\/\/cistaova.ostrava.cz\/#organization\"},\"potentialAction\":[{\"@type\":\"SearchAction\",\"target\":{\"@type\":\"EntryPoint\",\"urlTemplate\":\"https:\/\/cistaova.ostrava.cz\/?s={search_term_string}\"},\"query-input\":{\"@type\":\"PropertyValueSpecification\",\"valueRequired\":true,\"valueName\":\"search_term_string\"}}],\"inLanguage\":\"cs\"},{\"@type\":\"Organization\",\"@id\":\"https:\/\/cistaova.ostrava.cz\/#organization\",\"name\":\"Ostrava\",\"url\":\"https:\/\/cistaova.ostrava.cz\/\",\"logo\":{\"@type\":\"ImageObject\",\"inLanguage\":\"cs\",\"@id\":\"https:\/\/cistaova.ostrava.cz\/#\/schema\/logo\/image\/\",\"url\":\"https:\/\/cistaova.ostrava.cz\/wp-content\/uploads\/2021\/03\/empty-1.jpg\",\"contentUrl\":\"https:\/\/cistaova.ostrava.cz\/wp-content\/uploads\/2021\/03\/empty-1.jpg\",\"width\":200,\"height\":133,\"caption\":\"Ostrava\"},\"image\":{\"@id\":\"https:\/\/cistaova.ostrava.cz\/#\/schema\/logo\/image\/\"}}]}<\/script>\n<!-- \/ Yoast SEO plugin. -->","yoast_head_json":{"title":"Prohl\u00e1\u0161en\u00ed o p\u0159\u00edstupnosti - cistaova","robots":{"index":"index","follow":"follow","max-snippet":"max-snippet:-1","max-image-preview":"max-image-preview:large","max-video-preview":"max-video-preview:-1"},"canonical":"https:\/\/cistaova.ostrava.cz\/?page_id=35421","og_locale":"cs_CZ","og_type":"article","og_title":"Prohl\u00e1\u0161en\u00ed o p\u0159\u00edstupnosti - cistaova","og_description":"Statut\u00e1rn\u00ed m\u011bsto Ostrava se zavazuje k zp\u0159\u00edstupn\u011bn\u00ed sv\u00e9 webov\u00e9 str\u00e1nky v souladu se z\u00e1konem \u010d. 99\/2019 Sb., o p\u0159\u00edstupnosti internetov\u00fdch str\u00e1nek a mobiln\u00edch aplikac\u00ed a o zm\u011bn\u011b z\u00e1kona \u010d. 365\/2000 Sb., o informa\u010dn\u00edch syst\u00e9mech ve\u0159ejn\u00e9 spr\u00e1vy a o zm\u011bn\u011b n\u011bkter\u00fdch dal\u0161\u00edch z\u00e1kon\u016f, ve zn\u011bn\u00ed pozd\u011bj\u0161\u00edch p\u0159edpis\u016f, kter\u00fd prov\u00e1d\u00ed Sm\u011brnici Evropsk\u00e9ho parlamentu a Rady (EU) 2016\/2102 [&hellip;]","og_url":"https:\/\/cistaova.ostrava.cz\/?page_id=35421","og_site_name":"cistaova","article_modified_time":"2020-10-05T06:41:00+00:00","twitter_card":"summary_large_image","twitter_misc":{"Odhadovan\u00e1 doba \u010dten\u00ed":"2 minuty"},"schema":{"@context":"https:\/\/schema.org","@graph":[{"@type":"WebPage","@id":"https:\/\/cistaova.ostrava.cz\/?page_id=35421","url":"https:\/\/cistaova.ostrava.cz\/?page_id=35421","name":"Prohl\u00e1\u0161en\u00ed o p\u0159\u00edstupnosti - cistaova","isPartOf":{"@id":"https:\/\/cistaova.ostrava.cz\/#website"},"datePublished":"2020-10-05T06:37:36+00:00","dateModified":"2020-10-05T06:41:00+00:00","breadcrumb":{"@id":"https:\/\/cistaova.ostrava.cz\/?page_id=35421#breadcrumb"},"inLanguage":"cs","potentialAction":[{"@type":"ReadAction","target":["https:\/\/cistaova.ostrava.cz\/?page_id=35421"]}]},{"@type":"BreadcrumbList","@id":"https:\/\/cistaova.ostrava.cz\/?page_id=35421#breadcrumb","itemListElement":[{"@type":"ListItem","position":1,"name":"Dom\u016f","item":"https:\/\/cistaova.ostrava.cz\/"},{"@type":"ListItem","position":2,"name":"Prohl\u00e1\u0161en\u00ed o p\u0159\u00edstupnosti"}]},{"@type":"WebSite","@id":"https:\/\/cistaova.ostrava.cz\/#website","url":"https:\/\/cistaova.ostrava.cz\/","name":"\u010cist\u00e1OVA","description":"Aplikace pro hl\u00e1\u0161en\u00ed z\u00e1vad a nedostatk\u016f ve ve\u0159ejn\u00e9m prostoru","publisher":{"@id":"https:\/\/cistaova.ostrava.cz\/#organization"},"potentialAction":[{"@type":"SearchAction","target":{"@type":"EntryPoint","urlTemplate":"https:\/\/cistaova.ostrava.cz\/?s={search_term_string}"},"query-input":{"@type":"PropertyValueSpecification","valueRequired":true,"valueName":"search_term_string"}}],"inLanguage":"cs"},{"@type":"Organization","@id":"https:\/\/cistaova.ostrava.cz\/#organization","name":"Ostrava","url":"https:\/\/cistaova.ostrava.cz\/","logo":{"@type":"ImageObject","inLanguage":"cs","@id":"https:\/\/cistaova.ostrava.cz\/#\/schema\/logo\/image\/","url":"https:\/\/cistaova.ostrava.cz\/wp-content\/uploads\/2021\/03\/empty-1.jpg","contentUrl":"https:\/\/cistaova.ostrava.cz\/wp-content\/uploads\/2021\/03\/empty-1.jpg","width":200,"height":133,"caption":"Ostrava"},"image":{"@id":"https:\/\/cistaova.ostrava.cz\/#\/schema\/logo\/image\/"}}]}},"_links":{"self":[{"href":"https:\/\/cistaova.ostrava.cz\/index.php?rest_route=\/wp\/v2\/pages\/35421","targetHints":{"allow":["GET"]}}],"collection":[{"href":"https:\/\/cistaova.ostrava.cz\/index.php?rest_route=\/wp\/v2\/pages"}],"about":[{"href":"https:\/\/cistaova.ostrava.cz\/index.php?rest_route=\/wp\/v2\/types\/page"}],"author":[{"embeddable":true,"href":"https:\/\/cistaova.ostrava.cz\/index.php?rest_route=\/wp\/v2\/users\/171"}],"replies":[{"embeddable":true,"href":"https:\/\/cistaova.ostrava.cz\/index.php?rest_route=%2Fwp%2Fv2%2Fcomments&post=35421"}],"version-history":[{"count":1,"href":"https:\/\/cistaova.ostrava.cz\/index.php?rest_route=\/wp\/v2\/pages\/35421\/revisions"}],"predecessor-version":[{"id":39881,"href":"https:\/\/cistaova.ostrava.cz\/index.php?rest_route=\/wp\/v2\/pages\/35421\/revisions\/39881"}],"wp:attachment":[{"href":"https:\/\/cistaova.ostrava.cz\/index.php?rest_route=%2Fwp%2Fv2%2Fmedia&parent=35421"}],"curies":[{"name":"wp","href":"https:\/\/api.w.org\/{rel}","templated":true}]}}